{"id":11827,"date":"2016-05-17T09:02:05","date_gmt":"2016-05-17T09:02:05","guid":{"rendered":"https:\/\/itd-ks.com\/oferta-2\/"},"modified":"2025-01-16T08:13:41","modified_gmt":"2025-01-16T08:13:41","slug":"oferta-2","status":"publish","type":"page","link":"https:\/\/itd-ks.com\/?page_id=11827","title":{"rendered":"Njoftime"},"content":{"rendered":"<p>[et_pb_section admin_label=&#8221;Section&#8221; fullwidth=&#8221;on&#8221; specialty=&#8221;off&#8221; transparent_background=&#8221;off&#8221; background_color=&#8221;#ffffff&#8221; allow_player_pause=&#8221;off&#8221; inner_shadow=&#8221;off&#8221; parallax=&#8221;off&#8221; parallax_method=&#8221;off&#8221; padding_mobile=&#8221;off&#8221; disabled=&#8221;on&#8221; disabled_on=&#8221;on|on|on&#8221; make_fullwidth=&#8221;off&#8221; use_custom_width=&#8221;off&#8221; width_unit=&#8221;on&#8221; make_equal=&#8221;off&#8221; use_custom_gutter=&#8221;off&#8221;][et_pb_fullwidth_slider admin_label=&#8221;Fullwidth Slider&#8221; show_arrows=&#8221;on&#8221; show_pagination=&#8221;on&#8221; auto=&#8221;off&#8221; auto_ignore_hover=&#8221;off&#8221; parallax=&#8221;off&#8221; parallax_method=&#8221;off&#8221; remove_inner_shadow=&#8221;off&#8221; background_position=&#8221;default&#8221; background_size=&#8221;default&#8221; hide_content_on_mobile=&#8221;off&#8221; hide_cta_on_mobile=&#8221;off&#8221; show_image_video_mobile=&#8221;off&#8221; custom_button=&#8221;off&#8221; button_letter_spacing=&#8221;0&#8243; button_use_icon=&#8221;default&#8221; button_icon_placement=&#8221;right&#8221; button_on_hover=&#8221;on&#8221; button_letter_spacing_hover=&#8221;0&#8243;] [et_pb_slide background_image=&#8221;https:\/\/itd-ks.com\/wp-content\/uploads\/2016\/05\/degital_banner.jpg&#8221; background_position=&#8221;default&#8221; background_size=&#8221;default&#8221; background_color=&#8221;#ffffff&#8221; use_bg_overlay=&#8221;off&#8221; bg_overlay_color=&#8221;rgba(58,58,58,0.9)&#8221; use_text_overlay=&#8221;on&#8221; text_overlay_color=&#8221;rgba(84,84,84,0.54)&#8221; alignment=&#8221;center&#8221; background_layout=&#8221;dark&#8221; allow_player_pause=&#8221;off&#8221; text_border_radius=&#8221;3&#8243; header_font_select=&#8221;default&#8221; header_font=&#8221;||||&#8221; body_font_select=&#8221;default&#8221; body_font=&#8221;||||&#8221; custom_button=&#8221;off&#8221; button_font_select=&#8221;default&#8221; button_font=&#8221;||||&#8221; button_use_icon=&#8221;default&#8221; button_icon_placement=&#8221;right&#8221; button_on_hover=&#8221;on&#8221; body_font_size=&#8221;42&#8243; body_font_size_tablet=&#8221;42&#8243; body_font_size_phone=&#8221;42&#8243; header_font_size=&#8221;39&#8243; header_font_size_tablet=&#8221;39&#8243; header_font_size_phone=&#8221;39&#8243;]<\/p>\n<p style=\"text-align: center;\">Njoftime<\/p>\n<p>[\/et_pb_slide] [\/et_pb_fullwidth_slider][et_pb_fullwidth_slider admin_label=&#8221;Fullwidth Slider&#8221; show_arrows=&#8221;on&#8221; show_pagination=&#8221;on&#8221; auto=&#8221;off&#8221; auto_ignore_hover=&#8221;off&#8221; parallax=&#8221;off&#8221; parallax_method=&#8221;off&#8221; remove_inner_shadow=&#8221;off&#8221; background_position=&#8221;default&#8221; background_size=&#8221;default&#8221; hide_content_on_mobile=&#8221;off&#8221; hide_cta_on_mobile=&#8221;off&#8221; show_image_video_mobile=&#8221;off&#8221; custom_button=&#8221;off&#8221; button_letter_spacing=&#8221;0&#8243; button_use_icon=&#8221;default&#8221; button_icon_placement=&#8221;right&#8221; button_on_hover=&#8221;on&#8221; button_letter_spacing_hover=&#8221;0&#8243;] [et_pb_slide background_position=&#8221;default&#8221; background_size=&#8221;default&#8221; background_color=&#8221;#ffffff&#8221; use_bg_overlay=&#8221;off&#8221; use_text_overlay=&#8221;on&#8221; text_overlay_color=&#8221;rgba(158,158,158,0.17)&#8221; alignment=&#8221;center&#8221; background_layout=&#8221;light&#8221; allow_player_pause=&#8221;off&#8221; text_border_radius=&#8221;3&#8243; header_font_select=&#8221;default&#8221; header_font=&#8221;||||&#8221; body_font_select=&#8221;default&#8221; body_font=&#8221;||||&#8221; custom_button=&#8221;off&#8221; button_font_select=&#8221;default&#8221; button_font=&#8221;||||&#8221; button_use_icon=&#8221;default&#8221; button_icon_placement=&#8221;right&#8221; button_on_hover=&#8221;on&#8221; body_font_size=&#8221;20&#8243; body_font_size_tablet=&#8221;20&#8243; body_font_size_phone=&#8221;20&#8243;]<\/p>\n<p dir=\"auto\">ITD do te zhvilloj prezantimin e produkteve DLink Smart Home m\u00eb dat\u00eb 27 Maj 2016, ora 11:00 \u2013 12:00, pran\u00eb zyrave t\u00eb ITD (Rr. Murat Toptani, Gjergji Center, Kati 4).<\/p>\n<p dir=\"auto\">Bashkohuni me ne dhe informohuni m\u00eb shum\u00eb rreth produkteve \u2018t\u00eb zgjuara\u2019 DLink Home.<\/p>\n<p>[\/et_pb_slide] [\/et_pb_fullwidth_slider][\/et_pb_section][et_pb_section admin_label=&#8221;Section&#8221; fullwidth=&#8221;on&#8221; specialty=&#8221;off&#8221; disabled_on=&#8221;off|off|off&#8221; disabled=&#8221;off&#8221; background_image=&#8221;https:\/\/itd-ks.com\/wp-content\/uploads\/2016\/05\/1010e8923de1918ed49304462b5b41b3.jpg&#8221; transparent_background=&#8221;off&#8221; background_color=&#8221;#ffffff&#8221; allow_player_pause=&#8221;off&#8221; inner_shadow=&#8221;off&#8221; parallax=&#8221;off&#8221; parallax_method=&#8221;off&#8221; padding_mobile=&#8221;off&#8221; make_fullwidth=&#8221;off&#8221; use_custom_width=&#8221;off&#8221; width_unit=&#8221;on&#8221; make_equal=&#8221;off&#8221; use_custom_gutter=&#8221;off&#8221;][et_pb_fullwidth_slider admin_label=&#8221;Fullwidth Slider&#8221; show_arrows=&#8221;on&#8221; show_pagination=&#8221;on&#8221; auto=&#8221;off&#8221; auto_ignore_hover=&#8221;off&#8221; parallax=&#8221;off&#8221; parallax_method=&#8221;off&#8221; remove_inner_shadow=&#8221;off&#8221; background_position=&#8221;default&#8221; background_size=&#8221;default&#8221; hide_content_on_mobile=&#8221;off&#8221; hide_cta_on_mobile=&#8221;off&#8221; show_image_video_mobile=&#8221;off&#8221; custom_button=&#8221;off&#8221; button_letter_spacing=&#8221;0&#8243; button_use_icon=&#8221;default&#8221; button_icon_placement=&#8221;right&#8221; button_on_hover=&#8221;on&#8221; button_letter_spacing_hover=&#8221;0&#8243;] [et_pb_slide heading=&#8221;Njoftime&#8221; background_image=&#8221;https:\/\/itd-ks.com\/wp-content\/uploads\/2016\/05\/njoftime-pa-fotoshop.jpg&#8221; background_position=&#8221;default&#8221; background_size=&#8221;default&#8221; background_color=&#8221;#ffffff&#8221; use_bg_overlay=&#8221;off&#8221; use_text_overlay=&#8221;on&#8221; text_overlay_color=&#8221;rgba(30,115,190,0.21)&#8221; alignment=&#8221;center&#8221; background_layout=&#8221;dark&#8221; allow_player_pause=&#8221;off&#8221; text_border_radius=&#8221;3&#8243; header_font_select=&#8221;default&#8221; header_font=&#8221;||||&#8221; header_font_size=&#8221;54&#8243; header_font_size_tablet=&#8221;54&#8243; header_font_size_phone=&#8221;18&#8243; header_text_color=&#8221;#ffffff&#8221; body_font_select=&#8221;default&#8221; body_font=&#8221;||||&#8221; custom_button=&#8221;off&#8221; button_font_select=&#8221;default&#8221; button_font=&#8221;||||&#8221; button_use_icon=&#8221;default&#8221; button_icon_placement=&#8221;right&#8221; button_on_hover=&#8221;on&#8221; header_font_size_last_edited=&#8221;on|phone&#8221;] [\/et_pb_slide] [\/et_pb_fullwidth_slider][et_pb_fullwidth_image admin_label=&#8221;Fullwidth Image&#8221; src=&#8221;https:\/\/itd-ks.com\/wp-content\/uploads\/2016\/04\/line.jpg&#8221; show_in_lightbox=&#8221;off&#8221; url_new_window=&#8221;off&#8221; use_overlay=&#8221;off&#8221; animation=&#8221;left&#8221; use_border_color=&#8221;off&#8221; border_color=&#8221;#ffffff&#8221; border_style=&#8221;solid&#8221;] [\/et_pb_fullwidth_image][\/et_pb_section][et_pb_section admin_label=&#8221;Section&#8221; fullwidth=&#8221;on&#8221; specialty=&#8221;off&#8221; disabled_on=&#8221;off|off|off&#8221; disabled=&#8221;off&#8221; background_image=&#8221;https:\/\/itd-ks.com\/wp-content\/uploads\/2016\/05\/1010e8923de1918ed49304462b5b41b3.jpg&#8221; transparent_background=&#8221;off&#8221; background_color=&#8221;#ffffff&#8221; allow_player_pause=&#8221;off&#8221; inner_shadow=&#8221;off&#8221; parallax=&#8221;off&#8221; parallax_method=&#8221;off&#8221; padding_mobile=&#8221;off&#8221; make_fullwidth=&#8221;off&#8221; use_custom_width=&#8221;off&#8221; width_unit=&#8221;on&#8221; make_equal=&#8221;off&#8221; use_custom_gutter=&#8221;off&#8221;][et_pb_fullwidth_image admin_label=&#8221;Fullwidth Image&#8221; src=&#8221;https:\/\/itd-ks.com\/wp-content\/uploads\/2016\/05\/HP_Q1-25_OPS-Landing-ITD-KS.jpg&#8221; show_in_lightbox=&#8221;off&#8221; url_new_window=&#8221;off&#8221; use_overlay=&#8221;off&#8221; animation=&#8221;left&#8221; use_border_color=&#8221;off&#8221; border_color=&#8221;#ffffff&#8221; border_style=&#8221;solid&#8221;] [\/et_pb_fullwidth_image][\/et_pb_section][et_pb_section admin_label=&#8221;section&#8221; transparent_background=&#8221;off&#8221; background_color=&#8221;#ffffff&#8221; allow_player_pause=&#8221;off&#8221; inner_shadow=&#8221;off&#8221; parallax=&#8221;off&#8221; parallax_method=&#8221;off&#8221; padding_mobile=&#8221;off&#8221; make_fullwidth=&#8221;off&#8221; use_custom_width=&#8221;off&#8221; width_unit=&#8221;on&#8221; make_equal=&#8221;off&#8221; use_custom_gutter=&#8221;off&#8221;][et_pb_row admin_label=&#8221;row&#8221; make_fullwidth=&#8221;off&#8221; use_custom_width=&#8221;off&#8221; width_unit=&#8221;on&#8221; use_custom_gutter=&#8221;off&#8221; custom_padding=&#8221;||50px|&#8221; padding_mobile=&#8221;off&#8221; allow_player_pause=&#8221;off&#8221; parallax=&#8221;off&#8221; parallax_method=&#8221;off&#8221; make_equal=&#8221;off&#8221; parallax_1=&#8221;off&#8221; parallax_method_1=&#8221;off&#8221; column_padding_mobile=&#8221;on&#8221; disabled=&#8221;on&#8221; disabled_on=&#8221;on|on|on&#8221;][et_pb_column type=&#8221;4_4&#8243;][et_pb_text admin_label=&#8221;Text&#8221; background_layout=&#8221;light&#8221; text_orientation=&#8221;center&#8221; text_font_size=&#8221;18&#8243; text_text_color=&#8221;#1a2940&#8243; use_border_color=&#8221;off&#8221; border_color=&#8221;#ffffff&#8221; border_style=&#8221;solid&#8221; text_font=&#8221;|||on|&#8221;]<\/p>\n<p>NJOFTIME<\/p>\n<p>[\/et_pb_text][et_pb_text admin_label=&#8221;Text&#8221; background_layout=&#8221;light&#8221; text_orientation=&#8221;justified&#8221; text_font_size=&#8221;16&#8243; text_text_color=&#8221;#1a2940&#8243; use_border_color=&#8221;off&#8221; border_color=&#8221;#ffffff&#8221; border_style=&#8221;solid&#8221;]<\/p>\n<p dir=\"auto\">ITD Prishtin\u00eb x EV Link Charging Solutions. Building a resilient future..<\/p>\n<p dir=\"auto\">We are proud to be part of this solution and we are ready to go further and faster.<\/p>\n<p dir=\"auto\">Note: EV Link is also sold on Spare Parts. Affordable and Clean Energy.<\/p>\n<p>[\/et_pb_text][et_pb_image admin_label=&#8221;Image&#8221; show_in_lightbox=&#8221;on&#8221; url_new_window=&#8221;off&#8221; use_overlay=&#8221;off&#8221; animation=&#8221;top&#8221; sticky=&#8221;off&#8221; align=&#8221;center&#8221; force_fullwidth=&#8221;off&#8221; always_center_on_mobile=&#8221;on&#8221; use_border_color=&#8221;off&#8221; border_color=&#8221;#ffffff&#8221; border_style=&#8221;solid&#8221; disabled_on=&#8221;on|on|on&#8221; disabled=&#8221;on&#8221; src=&#8221;https:\/\/itd-ks.com\/wp-content\/uploads\/2016\/05\/1010e8923de1918ed49304462b5b41b3.jpg&#8221;] [\/et_pb_image][\/et_pb_column][\/et_pb_row][et_pb_row admin_label=&#8221;Row&#8221; make_fullwidth=&#8221;off&#8221; use_custom_width=&#8221;off&#8221; width_unit=&#8221;on&#8221; use_custom_gutter=&#8221;off&#8221; padding_mobile=&#8221;off&#8221; allow_player_pause=&#8221;off&#8221; parallax=&#8221;off&#8221; parallax_method=&#8221;off&#8221; make_equal=&#8221;off&#8221; parallax_1=&#8221;off&#8221; parallax_method_1=&#8221;off&#8221; column_padding_mobile=&#8221;on&#8221;][et_pb_column type=&#8221;4_4&#8243;][\/et_pb_column][\/et_pb_row][\/et_pb_section]<\/p>\n","protected":false},"excerpt":{"rendered":"<p>Njoftime ITD do te zhvilloj prezantimin e produkteve DLink Smart Home m\u00eb dat\u00eb 27 Maj 2016, ora 11:00 \u2013 12:00, pran\u00eb zyrave t\u00eb ITD (Rr. Murat Toptani, Gjergji Center, Kati 4). Bashkohuni me ne dhe informohuni m\u00eb shum\u00eb rreth produkteve \u2018t\u00eb zgjuara\u2019 DLink Home. NJOFTIME ITD Prishtin\u00eb x EV Link Charging Solutions. Building a resilient [&hellip;]<\/p>\n","protected":false},"author":2,"featured_media":0,"parent":0,"menu_order":0,"comment_status":"closed","ping_status":"closed","template":"","meta":{"_et_pb_use_builder":"on","_et_pb_old_content":"","_et_gb_content_width":"","footnotes":""},"class_list":["post-11827","page","type-page","status-publish","hentry"],"jetpack_sharing_enabled":true,"jetpack_shortlink":"https:\/\/wp.me\/P7QGAO-34L","jetpack-related-posts":[],"_links":{"self":[{"href":"https:\/\/itd-ks.com\/index.php?rest_route=\/wp\/v2\/pages\/11827","targetHints":{"allow":["GET"]}}],"collection":[{"href":"https:\/\/itd-ks.com\/index.php?rest_route=\/wp\/v2\/pages"}],"about":[{"href":"https:\/\/itd-ks.com\/index.php?rest_route=\/wp\/v2\/types\/page"}],"author":[{"embeddable":true,"href":"https:\/\/itd-ks.com\/index.php?rest_route=\/wp\/v2\/users\/2"}],"replies":[{"embeddable":true,"href":"https:\/\/itd-ks.com\/index.php?rest_route=%2Fwp%2Fv2%2Fcomments&post=11827"}],"version-history":[{"count":155,"href":"https:\/\/itd-ks.com\/index.php?rest_route=\/wp\/v2\/pages\/11827\/revisions"}],"predecessor-version":[{"id":15014,"href":"https:\/\/itd-ks.com\/index.php?rest_route=\/wp\/v2\/pages\/11827\/revisions\/15014"}],"wp:attachment":[{"href":"https:\/\/itd-ks.com\/index.php?rest_route=%2Fwp%2Fv2%2Fmedia&parent=11827"}],"curies":[{"name":"wp","href":"https:\/\/api.w.org\/{rel}","templated":true}]}}