{"id":11961,"date":"2016-06-15T13:04:11","date_gmt":"2016-06-15T13:04:11","guid":{"rendered":"https:\/\/itd-ks.com\/?page_id=11961"},"modified":"2021-08-30T13:47:53","modified_gmt":"2021-08-30T13:47:53","slug":"politikat-e-privatesise","status":"publish","type":"page","link":"https:\/\/itd-ks.com\/?page_id=11961","title":{"rendered":"Politikat e privatesise"},"content":{"rendered":"<p>[et_pb_section admin_label=&#8221;section&#8221; background_image=&#8221;https:\/\/itd-ks.com\/wp-content\/uploads\/2016\/04\/bg-2.jpg&#8221; transparent_background=&#8221;off&#8221; background_color=&#8221;#ffffff&#8221; allow_player_pause=&#8221;off&#8221; inner_shadow=&#8221;off&#8221; parallax=&#8221;off&#8221; parallax_method=&#8221;off&#8221; padding_mobile=&#8221;off&#8221; make_fullwidth=&#8221;off&#8221; use_custom_width=&#8221;off&#8221; width_unit=&#8221;on&#8221; make_equal=&#8221;off&#8221; use_custom_gutter=&#8221;off&#8221;][et_pb_row admin_label=&#8221;row&#8221;][et_pb_column type=&#8221;4_4&#8243;][et_pb_text admin_label=&#8221;Text&#8221; background_layout=&#8221;light&#8221; text_orientation=&#8221;left&#8221; use_border_color=&#8221;off&#8221; border_color=&#8221;#ffffff&#8221; border_style=&#8221;solid&#8221;]<\/p>\n<p><strong>DEKLARATE PER POLITIKAT E PRIVATESISE MBI REKRUTIMIN<\/strong><\/p>\n<p>[\/et_pb_text][et_pb_text admin_label=&#8221;Text&#8221; background_layout=&#8221;light&#8221; text_orientation=&#8221;left&#8221; use_border_color=&#8221;off&#8221; border_color=&#8221;#ffffff&#8221; border_style=&#8221;solid&#8221;]<\/p>\n<p>I \/ e nderuar aplikant!<\/p>\n<p>Kjo \u00ebsht\u00eb faqja zyrtare p\u00ebr rekrutimin e kandidat\u00ebve p\u00ebr pun\u00eb pran\u00eb shoq\u00ebrive t\u00eb InfoSoft Group. Duke vler\u00ebsuar interesimin tuaj p\u00ebr tu pun\u00ebsuar n\u00eb Grupin ton\u00eb, ju sqarojm\u00eb se InfoSoft Management Services Sh.P.K., \u00ebsht\u00eb shoq\u00ebria e autorizuar p\u00ebr ofrimin e sh\u00ebrbimeve p\u00ebr rekrutimin e kandidat\u00ebve p\u00ebr pun\u00eb.<\/p>\n<p>Kjo shoq\u00ebri siguron q\u00eb \u00a0t\u00eb dh\u00ebnat p\u00ebrsonale t\u00eb \u00e7do aplikanti t\u00eb cilat mberrijn\u00eb n\u00eb baz\u00ebn e t\u00eb dh\u00ebnave te saj, ruhen me sistem sigurie t\u00eb lart\u00eb dhe nj\u00ebkoh\u00ebsisht \u00ebsht\u00eb e p\u00ebrkushtuar t\u00eb zbatoj\u00eb rigorozisht t\u00eb gjith\u00eb kuadrin ligjor, n\u00eb mbrojtje dhe respektim t\u00eb \u00e7do veprimi t\u00eb lidhur me t\u00eb dh\u00ebnat e paraqitura. M\u00eb konkretisht sipas percaktimeve t\u00eb Kushtetut\u00ebs s\u00eb Republik\u00ebs s\u00eb Kosov\u00ebs , Nr. K-09042008, Ligjit p\u00ebr Mbrojtjen e t\u00eb Dh\u00ebnave P\u00ebrsonale me Nr. 06\/L-082, si dhe aktet n\u00ebnligjore n\u00eb fuqi.<\/p>\n<p>Me d\u00ebshiren per t\u00eb pasur nj\u00eb bashk\u00ebpunim sa m\u00eb efikas, garantojm\u00eb se p\u00ebrpunimi i t\u00eb dh\u00ebnave tuaja do te b\u00ebhet vet\u00ebm p\u00ebr q\u00ebllime rekrutimi pran\u00eb shoq\u00ebrive tona, n\u00eb funksion t\u00eb vler\u00ebsimit t\u00eb p\u00ebrshtatjes suaj me kriteret e posteve vakante.<\/p>\n<p>Ne cilesin\u00eb e kontrolluesit dhe p\u00ebrpunuesit, kemi marr\u00eb masat e duhura p\u00ebr t\u00eb mbrojtur t\u00eb dh\u00ebnat p\u00ebrsonale nga shkat\u00ebrrime t\u00eb paligjshme dhe\/apo aksidentale, humbjes, manipulimit si dhe aksesit apo p\u00ebrhapjes s\u00eb tyre nga persona t\u00eb paautorizuar.<\/p>\n<p>Referuar legjislacionit n\u00eb fuqi kushtuar mbrojtjes s\u00eb t\u00eb dh\u00ebnave p\u00ebrsonale, n\u00ebp\u00ebrmjet nj\u00eb k\u00ebrkese d\u00ebrguar me post\u00eb elektronike n\u00eb adresen zyrtare <a href=\"https:\/\/web.archive.org\/web\/20200919152115\/mailto:humanresources@itd-ks.com\">humanresources@itd-ks.com<\/a>, ju keni t\u00eb drejt\u00eb t\u00eb k\u00ebrkoni korrigjimin e t\u00eb dh\u00ebnave tuja, plot\u00ebsuar vullnetarisht gjat\u00eb aplikimit p\u00ebr pun\u00ebsim.<\/p>\n<p>Duke klikuar mbi Pranoj, ju jepni p\u00eblqimin tuaj p\u00ebr p\u00ebrpunimin e t\u00eb dh\u00ebnave t\u00eb paraqitura nga ju, n\u00eb formularin e aplikimit p\u00ebr pun\u00ebsim dhe fazave t\u00eb tjera rekrutimit. Procesi i p\u00ebrzgjedhjes, gjithashtu n\u00ebnkupton se t\u00eb dh\u00ebnat tuaja mund t\u00eb transferohen nga Infosoft Management Services shpk, n\u00eb nj\u00eb shoq\u00ebri tjet\u00ebr brenda Infosoft Group.<\/p>\n<p>T\u00eb dh\u00ebnat tuaja do t\u00eb ruhen n\u00eb baz\u00ebn ton\u00eb t\u00eb t\u00eb dh\u00ebnave p\u00ebr nj\u00eb periudh\u00eb 1 vje\u00e7are dhe do t\u00eb konsiderohen p\u00ebr q\u00ebllime rekrutimi, jo vet\u00ebm p\u00ebr postet aktuale vakante, por edhe p\u00ebr mund\u00ebsi t\u00eb tjera pun\u00ebsimi q\u00eb mund t\u00eb shfaqen n\u00eb t\u00eb ardhmen, n\u00eb shoqerit\u00eb e InfoSoft Group.<\/p>\n<p>[\/et_pb_text][et_pb_button admin_label=&#8221;Button&#8221; url_new_window=&#8221;off&#8221; button_text=&#8221;Pranoj&#8221; button_alignment=&#8221;left&#8221; background_layout=&#8221;light&#8221; custom_button=&#8221;off&#8221; button_letter_spacing=&#8221;0&#8243; button_use_icon=&#8221;default&#8221; button_icon_placement=&#8221;right&#8221; button_on_hover=&#8221;on&#8221; button_letter_spacing_hover=&#8221;0&#8243; button_url=&#8221;https:\/\/itd-ks.com\/?page_id=11805 &#8220;] [\/et_pb_button][\/et_pb_column][\/et_pb_row][\/et_pb_section]<\/p>\n","protected":false},"excerpt":{"rendered":"<p>DEKLARATE PER POLITIKAT E PRIVATESISE MBI REKRUTIMIN I \/ e nderuar aplikant! Kjo \u00ebsht\u00eb faqja zyrtare p\u00ebr rekrutimin e kandidat\u00ebve p\u00ebr pun\u00eb pran\u00eb shoq\u00ebrive t\u00eb InfoSoft Group. Duke vler\u00ebsuar interesimin tuaj p\u00ebr tu pun\u00ebsuar n\u00eb Grupin ton\u00eb, ju sqarojm\u00eb se InfoSoft Management Services Sh.P.K., \u00ebsht\u00eb shoq\u00ebria e autorizuar p\u00ebr ofrimin e sh\u00ebrbimeve p\u00ebr rekrutimin e [&hellip;]<\/p>\n","protected":false},"author":1,"featured_media":0,"parent":0,"menu_order":0,"comment_status":"closed","ping_status":"closed","template":"","meta":{"_et_pb_use_builder":"on","_et_pb_old_content":"","_et_gb_content_width":"","footnotes":""},"class_list":["post-11961","page","type-page","status-publish","hentry"],"jetpack_sharing_enabled":true,"jetpack_shortlink":"https:\/\/wp.me\/P7QGAO-36V","jetpack-related-posts":[],"_links":{"self":[{"href":"https:\/\/itd-ks.com\/index.php?rest_route=\/wp\/v2\/pages\/11961","targetHints":{"allow":["GET"]}}],"collection":[{"href":"https:\/\/itd-ks.com\/index.php?rest_route=\/wp\/v2\/pages"}],"about":[{"href":"https:\/\/itd-ks.com\/index.php?rest_route=\/wp\/v2\/types\/page"}],"author":[{"embeddable":true,"href":"https:\/\/itd-ks.com\/index.php?rest_route=\/wp\/v2\/users\/1"}],"replies":[{"embeddable":true,"href":"https:\/\/itd-ks.com\/index.php?rest_route=%2Fwp%2Fv2%2Fcomments&post=11961"}],"version-history":[{"count":6,"href":"https:\/\/itd-ks.com\/index.php?rest_route=\/wp\/v2\/pages\/11961\/revisions"}],"predecessor-version":[{"id":14667,"href":"https:\/\/itd-ks.com\/index.php?rest_route=\/wp\/v2\/pages\/11961\/revisions\/14667"}],"wp:attachment":[{"href":"https:\/\/itd-ks.com\/index.php?rest_route=%2Fwp%2Fv2%2Fmedia&parent=11961"}],"curies":[{"name":"wp","href":"https:\/\/api.w.org\/{rel}","templated":true}]}}